{"id":650,"date":"2023-12-04T12:02:01","date_gmt":"2023-12-04T12:02:01","guid":{"rendered":"https:\/\/hcai-ep.sigcseire.acm.org\/?page_id=650"},"modified":"2024-06-26T13:40:22","modified_gmt":"2024-06-26T12:40:22","slug":"publications","status":"publish","type":"page","link":"https:\/\/hcai-ep.sigcseire.acm.org\/2023\/publications\/","title":{"rendered":"Publications &#038; Awards"},"content":{"rendered":"<h3 class=\"wp-block-heading\">Best research paper nominations:<\/h3>\n\n\n\n<ul class=\"wp-block-list\">\n<li><a href=\"https:\/\/dl.acm.org\/doi\/10.1145\/3633083.3633085\" data-type=\"link\" data-id=\"https:\/\/dl.acm.org\/doi\/10.1145\/3633083.3633085\"><strong>Explainable AI-Based Tutoring System for Upper Egypt Community Schools<\/strong>. <em>Marwa Soudi, Esraa Ali, Maha Bali and Nihal Mabrouk.<\/em><\/a><\/li>\n\n\n\n<li><a href=\"https:\/\/dl.acm.org\/doi\/10.1145\/3633083.3633175\" data-type=\"link\" data-id=\"https:\/\/dl.acm.org\/doi\/10.1145\/3633083.3633175\"><strong>Representative Data Generation of Diabetic Retinopathy Synthetic Retinal Images.<\/strong> Wietse ten Dam, Meike Grol, Zelda Zeegers, Alireza Dehghani and Huib Aldewereld.<\/a><\/li>\n\n\n\n<li><a href=\"https:\/\/dl.acm.org\/doi\/10.1145\/3633083.3633161\" data-type=\"link\" data-id=\"https:\/\/dl.acm.org\/doi\/10.1145\/3633083.3633161\"><strong>(Winner)<\/strong> <strong>The European AI Tango: Balancing Regulation, Innovation and Competitiveness.<\/strong> <em>Christina Todorova, George Sharkov, Huib Aldewereld, Stefan Leijnen, Alireza Dehghani, Stefano Marrone, Carlo Sansone, Maurice Lynch, John Pugh, Tarry Singh, Alessandro Barducci, Kitti Mezei, P\u00e9ter Antal, P\u00e9ter Han\u00e1k, Fernando Perez-Tellez and Francesco Gargiulo.<\/em><\/a><\/li>\n<\/ul>\n\n\n\n<h3 class=\"wp-block-heading\">Best presentation awards:<\/h3>\n\n\n\n<ul class=\"wp-block-list\">\n<li>Best Research Paper Presentation: <strong>Clo\u00eb van Geest<\/strong> <a href=\"https:\/\/dl.acm.org\/doi\/10.1145\/3633083.3633189\" data-type=\"link\" data-id=\"https:\/\/dl.acm.org\/doi\/10.1145\/3633083.3633189\"><em>Predictive Models with XAI: A Comparative Study of Enhancing Airline Customer Satisfaction<\/em>.<\/a><\/li>\n\n\n\n<li>Best Short Paper Presentation: <strong>Mark P. McCormack<\/strong> <em><a href=\"https:\/\/hcai-ep.sigcseire.acm.org\/wp-content\/uploads\/2023\/12\/Investigating-the-Impact-of-Large-Language-Models-and-GPT-Technologies-on-Syllabi-and-Assessment-Design.pdf\" data-type=\"link\" data-id=\"https:\/\/hcai-ep.sigcseire.acm.org\/wp-content\/uploads\/2023\/12\/Investigating-the-Impact-of-Large-Language-Models-and-GPT-Technologies-on-Syllabi-and-Assessment-Design.pdf\">Investigating the Impact of Large Language Models and GPT Technologies on Syllabi and Assessment Design.<\/a><\/em><\/li>\n\n\n\n<li>Best Poster Presentation: <strong>Sajjad Karimian<\/strong><a href=\"https:\/\/dl.acm.org\/doi\/10.1145\/3633083.3633093\" data-type=\"link\" data-id=\"https:\/\/dl.acm.org\/doi\/10.1145\/3633083.3633093\"> Integrating Human Factors into Trustworthy AI for Healthcare.<\/a><\/li>\n<\/ul>\n\n\n\n<div style=\"height:58px\" aria-hidden=\"true\" class=\"wp-block-spacer\"><\/div>\n\n\n\n<h3 class=\"wp-block-heading\">Full papers and posters proceedings (ACM Digital Library):<\/h3>\n\n\n\n<p><a href=\"https:\/\/dl.acm.org\/doi\/proceedings\/10.1145\/3633083\">https:\/\/dl.acm.org\/doi\/proceedings\/10.1145\/3633083<\/a><\/p>\n\n\n\n<h3 class=\"wp-block-heading\">Short papers:<\/h3>\n\n\n\n<p>(Click on the paper name\/link to view the PDF)<\/p>\n\n\n\n<ul class=\"wp-block-list\">\n<li><a href=\"https:\/\/hcai-ep.sigcseire.acm.org\/2023\/wp-content\/uploads\/2023\/12\/Exploring-the-potential-impact-of-ChatGPT-on-student-learning-activities.pdf\" data-type=\"attachment\" data-id=\"671\"><strong>Exploring the potential impact of ChatGPT on student learning activities<\/strong>, Aibhe Byrne and Peter Mooney.<\/a><\/li>\n\n\n\n<li><a href=\"https:\/\/hcai-ep.sigcseire.acm.org\/2023\/wp-content\/uploads\/2023\/12\/Help-Which-AI-should-I-choose.pdf\" data-type=\"attachment\" data-id=\"672\"><strong>Help! Which AI should I choose?<\/strong>, Hennie Huijgens, Devrim Eskiyerli and Burcu K\u00f6r.<\/a><\/li>\n\n\n\n<li><a href=\"https:\/\/hcai-ep.sigcseire.acm.org\/2023\/wp-content\/uploads\/2023\/12\/Investigating-the-Impact-of-Large-Language-Models-and-GPT-Technologies-on-Syllabi-and-Assessment-Design.pdf\" data-type=\"attachment\" data-id=\"675\"><strong>Investigating the Impact of Large Language Models and GPT Technologies on Syllabi and Assessment Design<\/strong>, Mark P. McCormack and John G. Keating. <\/a><\/li>\n\n\n\n<li><a href=\"https:\/\/hcai-ep.sigcseire.acm.org\/2023\/wp-content\/uploads\/2023\/12\/MLDG-Machine-Learning-Dataset-Generator-For-Final-Year-Open-Book-Machine-Learning-Summative-Assessment.pdf\" data-type=\"attachment\" data-id=\"696\"><strong>MLDG &#8211; Machine Learning Dataset Generator: For Final Year Open-Book Machine Learning Summative Assessment<\/strong>, Keith Quille, Keith Nolan, Lidia Vidal Meli\u00e1 and Brett Becker. <\/a><\/li>\n\n\n\n<li><a href=\"https:\/\/hcai-ep.sigcseire.acm.org\/2023\/wp-content\/uploads\/2023\/12\/Performance-Evaluation-of-the-SBERT-model-for-Automatic-Short-Answer-Grading.pdf\" data-type=\"link\" data-id=\"https:\/\/hcai-ep.sigcseire.acm.org\/wp-content\/uploads\/2023\/12\/Performance-Evaluation-of-the-SBERT-model-for-Automatic-Short-Answer-Grading.pdf\"><strong>Performance Evaluation of the SBERT model for Automatic Short Answer Grading<\/strong>, Abbirah Ahmed, Arash Joorabchi and Martin Hayes<\/a><\/li>\n<\/ul>\n\n\n\n<p><\/p>","protected":false},"excerpt":{"rendered":"<p>Best research paper nominations: Best presentation awards: Full papers and posters proceedings (ACM Digital Library): https:\/\/dl.acm.org\/doi\/proceedings\/10.1145\/3633083 Short papers: (Click on the paper name\/link to view the PDF)<\/p>\n","protected":false},"author":2,"featured_media":0,"parent":0,"menu_order":0,"comment_status":"closed","ping_status":"closed","template":"","meta":{"neve_meta_sidebar":"","neve_meta_container":"","neve_meta_enable_content_width":"","neve_meta_content_width":0,"neve_meta_title_alignment":"","neve_meta_author_avatar":"","neve_post_elements_order":"","neve_meta_disable_header":"","neve_meta_disable_footer":"","neve_meta_disable_title":"","_themeisle_gutenberg_block_has_review":false,"_ti_tpc_template_sync":false,"_ti_tpc_template_id":"","footnotes":""},"class_list":["post-650","page","type-page","status-publish","hentry"],"_links":{"self":[{"href":"https:\/\/hcai-ep.sigcseire.acm.org\/2023\/wp-json\/wp\/v2\/pages\/650","targetHints":{"allow":["GET"]}}],"collection":[{"href":"https:\/\/hcai-ep.sigcseire.acm.org\/2023\/wp-json\/wp\/v2\/pages"}],"about":[{"href":"https:\/\/hcai-ep.sigcseire.acm.org\/2023\/wp-json\/wp\/v2\/types\/page"}],"author":[{"embeddable":true,"href":"https:\/\/hcai-ep.sigcseire.acm.org\/2023\/wp-json\/wp\/v2\/users\/2"}],"replies":[{"embeddable":true,"href":"https:\/\/hcai-ep.sigcseire.acm.org\/2023\/wp-json\/wp\/v2\/comments?post=650"}],"version-history":[{"count":19,"href":"https:\/\/hcai-ep.sigcseire.acm.org\/2023\/wp-json\/wp\/v2\/pages\/650\/revisions"}],"predecessor-version":[{"id":719,"href":"https:\/\/hcai-ep.sigcseire.acm.org\/2023\/wp-json\/wp\/v2\/pages\/650\/revisions\/719"}],"wp:attachment":[{"href":"https:\/\/hcai-ep.sigcseire.acm.org\/2023\/wp-json\/wp\/v2\/media?parent=650"}],"curies":[{"name":"wp","href":"https:\/\/api.w.org\/{rel}","templated":true}]}}